{"id":190980,"date":"2026-03-08T03:58:04","date_gmt":"2026-03-08T07:58:04","guid":{"rendered":"https:\/\/dreamingpipes.com\/?post_type=product&#038;p=190980"},"modified":"2026-03-08T17:17:15","modified_gmt":"2026-03-08T21:17:15","slug":"my-father-la-promesa-lancero-7-5-x-38","status":"publish","type":"product","link":"https:\/\/dreamingpipes.com\/zh-hans\/product\/my-father-la-promesa-lancero-7-5-x-38\/","title":{"rendered":"My Father La Promesa Lancero (7.5&#8243; x 38)"},"content":{"rendered":"<table class=\"characteristics touch-links table-responsive\">\n<tbody>\n<tr>\n<td>Profile<\/td>\n<td>4 of 5<\/td>\n<\/tr>\n<tr>\n<td>Shape<\/td>\n<td class=\"characteristics-shapes\">Lancero<\/td>\n<\/tr>\n<tr>\n<td>Wrapper<\/td>\n<td class=\"charcterstics-Single\">Ecuadorian Habano, Rosado<\/td>\n<\/tr>\n<tr>\n<td>Origin<\/td>\n<td class=\"charcterstics-Single\">Nicaragua<\/td>\n<\/tr>\n<tr>\n<td>Flavored<\/td>\n<td class=\"charcterstics-Single\"><span class=\"nobreak\">False<\/span><\/td>\n<\/tr>\n<tr>\n<td>Pressed<\/td>\n<td class=\"charcterstics-Single\"><span class=\"nobreak\">False<\/span><\/td>\n<\/tr>\n<tr>\n<td>Has Tip<\/td>\n<td class=\"charcterstics-Single\"><span class=\"nobreak\">False<\/span><\/td>\n<\/tr>\n<tr>\n<td>Binder<\/td>\n<td class=\"charcterstics-Single\">Nicaragua<\/td>\n<\/tr>\n<tr>\n<td>Filler<\/td>\n<td class=\"charcterstics-Single\">Nicaragua<\/td>\n<\/tr>\n<tr>\n<td>Sweet<\/td>\n<td class=\"charcterstics-Single\"><span class=\"nobreak\">False<\/span><\/td>\n<\/tr>\n<\/tbody>\n<\/table>\n","protected":false},"excerpt":{"rendered":"<div class=\"flex flex-col text-sm pb-25\">\n<article class=\"text-token-text-primary w-full focus:outline-none [--shadow-height:45px] has-data-writing-block:pointer-events-none has-data-writing-block:-mt-(--shadow-height) has-data-writing-block:pt-(--shadow-height) [&amp;:has([data-writing-block])&gt;*]:pointer-events-auto scroll-mt-[calc(var(--header-height)+min(200px,max(70px,20svh)))]\" dir=\"auto\" data-turn-id=\"request-6974f9e7-b39c-8324-910f-a93a3eb307ea-56\" data-testid=\"conversation-turn-120\" data-scroll-anchor=\"true\" data-turn=\"assistant\">\n<div class=\"text-base my-auto mx-auto pb-10 [--thread-content-margin:var(--thread-content-margin-xs,calc(var(--spacing)*4))] @w-sm\/main:[--thread-content-margin:var(--thread-content-margin-sm,calc(var(--spacing)*6))] @w-lg\/main:[--thread-content-margin:var(--thread-content-margin-lg,calc(var(--spacing)*16))] px-(--thread-content-margin)\">\n<div class=\"[--thread-content-max-width:40rem] @w-lg\/main:[--thread-content-max-width:48rem] mx-auto max-w-(--thread-content-max-width) flex-1 group\/turn-messages focus-visible:outline-hidden relative flex w-full min-w-0 flex-col agent-turn\">\n<div class=\"flex max-w-full flex-col gap-4 grow\">\n<div class=\"min-h-8 text-message relative flex w-full flex-col items-end gap-2 text-start break-words whitespace-normal [.text-message+&amp;]:mt-1\" dir=\"auto\" data-message-author-role=\"assistant\" data-message-id=\"087b40bb-15fa-4d5b-943b-121dc944b7fe\" data-message-model-slug=\"gpt-5-3\">\n<div class=\"flex w-full flex-col gap-1 empty:hidden\">\n<div class=\"markdown prose dark:prose-invert w-full wrap-break-word dark markdown-new-styling\">\n<div class=\"flex flex-col text-sm pb-25\">\n<article class=\"text-token-text-primary w-full focus:outline-none [--shadow-height:45px] has-data-writing-block:pointer-events-none has-data-writing-block:-mt-(--shadow-height) has-data-writing-block:pt-(--shadow-height) [&amp;:has([data-writing-block])&gt;*]:pointer-events-auto scroll-mt-[calc(var(--header-height)+min(200px,max(70px,20svh)))]\" dir=\"auto\" data-turn-id=\"request-6974f9e7-b39c-8324-910f-a93a3eb307ea-57\" data-testid=\"conversation-turn-120\" data-scroll-anchor=\"true\" data-turn=\"assistant\">\n<div class=\"text-base my-auto mx-auto pb-10 [--thread-content-margin:var(--thread-content-margin-xs,calc(var(--spacing)*4))] @w-sm\/main:[--thread-content-margin:var(--thread-content-margin-sm,calc(var(--spacing)*6))] @w-lg\/main:[--thread-content-margin:var(--thread-content-margin-lg,calc(var(--spacing)*16))] px-(--thread-content-margin)\">\n<div class=\"[--thread-content-max-width:40rem] @w-lg\/main:[--thread-content-max-width:48rem] mx-auto max-w-(--thread-content-max-width) flex-1 group\/turn-messages focus-visible:outline-hidden relative flex w-full min-w-0 flex-col agent-turn\">\n<div class=\"flex max-w-full flex-col gap-4 grow\">\n<div class=\"min-h-8 text-message relative flex w-full flex-col items-end gap-2 text-start break-words whitespace-normal [.text-message+&amp;]:mt-1\" dir=\"auto\" data-message-author-role=\"assistant\" data-message-id=\"973271e4-5a80-4bce-a2ce-6268e099a98c\" data-message-model-slug=\"gpt-5-3\">\n<div class=\"flex w-full flex-col gap-1 empty:hidden\">\n<div class=\"markdown prose dark:prose-invert w-full wrap-break-word dark markdown-new-styling\">\n<div class=\"flex flex-col text-sm pb-25\">\n<article class=\"text-token-text-primary w-full focus:outline-none [--shadow-height:45px] has-data-writing-block:pointer-events-none has-data-writing-block:-mt-(--shadow-height) has-data-writing-block:pt-(--shadow-height) [&amp;:has([data-writing-block])&gt;*]:pointer-events-auto scroll-mt-[calc(var(--header-height)+min(200px,max(70px,20svh)))]\" dir=\"auto\" data-turn-id=\"request-6974f9e7-b39c-8324-910f-a93a3eb307ea-58\" data-testid=\"conversation-turn-120\" data-scroll-anchor=\"true\" data-turn=\"assistant\">\n<div class=\"text-base my-auto mx-auto pb-10 [--thread-content-margin:var(--thread-content-margin-xs,calc(var(--spacing)*4))] @w-sm\/main:[--thread-content-margin:var(--thread-content-margin-sm,calc(var(--spacing)*6))] @w-lg\/main:[--thread-content-margin:var(--thread-content-margin-lg,calc(var(--spacing)*16))] px-(--thread-content-margin)\">\n<div class=\"[--thread-content-max-width:40rem] @w-lg\/main:[--thread-content-max-width:48rem] mx-auto max-w-(--thread-content-max-width) flex-1 group\/turn-messages focus-visible:outline-hidden relative flex w-full min-w-0 flex-col agent-turn\">\n<div class=\"flex max-w-full flex-col gap-4 grow\">\n<div class=\"min-h-8 text-message relative flex w-full flex-col items-end gap-2 text-start break-words whitespace-normal [.text-message+&amp;]:mt-1\" dir=\"auto\" data-message-author-role=\"assistant\" data-message-id=\"8b6a20a2-92f3-47d7-a394-3d9ee58904f2\" data-message-model-slug=\"gpt-5-3\">\n<div class=\"flex w-full flex-col gap-1 empty:hidden\">\n<div class=\"markdown prose dark:prose-invert w-full wrap-break-word dark markdown-new-styling\">\n<div class=\"flex flex-col text-sm pb-25\">\n<article class=\"text-token-text-primary w-full focus:outline-none [--shadow-height:45px] has-data-writing-block:pointer-events-none has-data-writing-block:-mt-(--shadow-height) has-data-writing-block:pt-(--shadow-height) [&amp;:has([data-writing-block])&gt;*]:pointer-events-auto scroll-mt-[calc(var(--header-height)+min(200px,max(70px,20svh)))]\" dir=\"auto\" data-turn-id=\"request-6974f9e7-b39c-8324-910f-a93a3eb307ea-59\" data-testid=\"conversation-turn-120\" data-scroll-anchor=\"true\" data-turn=\"assistant\">\n<div class=\"text-base my-auto mx-auto pb-10 [--thread-content-margin:var(--thread-content-margin-xs,calc(var(--spacing)*4))] @w-sm\/main:[--thread-content-margin:var(--thread-content-margin-sm,calc(var(--spacing)*6))] @w-lg\/main:[--thread-content-margin:var(--thread-content-margin-lg,calc(var(--spacing)*16))] px-(--thread-content-margin)\">\n<div class=\"[--thread-content-max-width:40rem] @w-lg\/main:[--thread-content-max-width:48rem] mx-auto max-w-(--thread-content-max-width) flex-1 group\/turn-messages focus-visible:outline-hidden relative flex w-full min-w-0 flex-col agent-turn\">\n<div class=\"flex max-w-full flex-col gap-4 grow\">\n<div class=\"min-h-8 text-message relative flex w-full flex-col items-end gap-2 text-start break-words whitespace-normal [.text-message+&amp;]:mt-1\" dir=\"auto\" data-message-author-role=\"assistant\" data-message-id=\"1ca64544-9009-47c6-9d35-c0de941ac563\" data-message-model-slug=\"gpt-5-3\">\n<div class=\"flex w-full flex-col gap-1 empty:hidden\">\n<div class=\"markdown prose dark:prose-invert w-full wrap-break-word dark markdown-new-styling\">\n<p data-start=\"458\" data-end=\"951\" data-is-last-node=\"\" data-is-only-node=\"\">My Father La Promesa Lancero (7.5&#8243; x 38) refers to Jos\u00e9 &#8220;Pep\u00edn&#8221; Garc\u00eda\u2019s promise when he left Cuba for the United States in 2001 to prove himself in the cigar industry and bring pride to his family\u2019s name. This handmade cigar from Nicaragua features an Ecuador wrapper with filler grown on the Garc\u00eda family farms in Nicaragua. It measures 7.50 inches in length with a 38 ring gauge and has a strength rating of 4\/5. The cigar comes in stick packaging, is not box pressed, and is not flavored.<\/p>\n<\/div>\n<\/div>\n<\/div>\n<\/div>\n<\/div>\n<\/div>\n<\/article>\n<\/div>\n<\/div>\n<\/div>\n<\/div>\n<\/div>\n<\/div>\n<\/div>\n<\/article>\n<\/div>\n<\/div>\n<\/div>\n<\/div>\n<\/div>\n<\/div>\n<\/div>\n<\/article>\n<\/div>\n<\/div>\n<\/div>\n<\/div>\n<\/div>\n<\/div>\n<\/div>\n<\/article>\n<\/div>\n","protected":false},"featured_media":190984,"template":"","meta":{"_acf_changed":false,"site-sidebar-layout":"default","site-content-layout":"default","ast-site-content-layout":"default","site-content-style":"default","site-sidebar-style":"default","ast-global-header-display":"","ast-banner-title-visibility":"","ast-main-header-display":"","ast-hfb-above-header-display":"","ast-hfb-below-header-display":"","ast-hfb-mobile-header-display":"","site-post-title":"","ast-breadcrumbs-content":"","ast-featured-img":"","footer-sml-layout":"","ast-disable-related-posts":"","theme-transparent-header-meta":"default","adv-header-id-meta":"","stick-header-meta":"default","header-above-stick-meta":"","header-main-stick-meta":"","header-below-stick-meta":"","astra-migrate-meta-layouts":"set","ast-page-background-enabled":"default","ast-page-background-meta":{"desktop":{"background-color":"var(--ast-global-color-4)","background-image":"","background-repeat":"repeat","background-position":"center center","background-size":"auto","background-attachment":"scroll","background-type":"","background-media":"","overlay-type":"","overlay-color":"","overlay-opacity":"","overlay-gradient":""},"tablet":{"background-color":"","background-image":"","background-repeat":"repeat","background-position":"center center","background-size":"auto","background-attachment":"scroll","background-type":"","background-media":"","overlay-type":"","overlay-color":"","overlay-opacity":"","overlay-gradient":""},"mobile":{"background-color":"","background-image":"","background-repeat":"repeat","background-position":"center center","background-size":"auto","background-attachment":"scroll","background-type":"","background-media":"","overlay-type":"","overlay-color":"","overlay-opacity":"","overlay-gradient":""}},"ast-content-background-meta":{"desktop":{"background-color":"var(--ast-global-color-5)","background-image":"","background-repeat":"repeat","background-position":"center center","background-size":"auto","background-attachment":"scroll","background-type":"","background-media":"","overlay-type":"","overlay-color":"","overlay-opacity":"","overlay-gradient":""},"tablet":{"background-color":"var(--ast-global-color-5)","background-image":"","background-repeat":"repeat","background-position":"center center","background-size":"auto","background-attachment":"scroll","background-type":"","background-media":"","overlay-type":"","overlay-color":"","overlay-opacity":"","overlay-gradient":""},"mobile":{"background-color":"var(--ast-global-color-5)","background-image":"","background-repeat":"repeat","background-position":"center center","background-size":"auto","background-attachment":"scroll","background-type":"","background-media":"","overlay-type":"","overlay-color":"","overlay-opacity":"","overlay-gradient":""}}},"product_brand":[],"product_cat":[31,462,1573],"product_tag":[],"class_list":{"0":"post-190980","1":"product","2":"type-product","3":"status-publish","4":"has-post-thumbnail","6":"product_cat-cigars","7":"product_cat-my-father","8":"product_cat-my-father-la-promesa","9":"desktop-align-left","10":"tablet-align-left","11":"mobile-align-left","12":"ast-product-gallery-layout-horizontal-slider","13":"ast-product-single-variable","14":"ast-product-tabs-layout-horizontal","16":"first","17":"outofstock","18":"sale","19":"taxable","20":"shipping-taxable","21":"purchasable","22":"product-type-variable","23":"has-default-attributes"},"supplier_id":null,"supplier_sku":"","barcode":null,"atum_controlled":true,"out_stock_date":null,"out_stock_threshold":null,"inheritable":true,"inbound_stock":0,"stock_on_hold":0,"sold_today":0,"sales_last_days":0,"reserved_stock":0,"customer_returns":0,"warehouse_damage":0,"lost_in_post":0,"other_logs":0,"out_stock_days":0,"lost_sales":0,"has_location":false,"update_date":"2026-04-24T00:11:19","atum_locations":[],"atum_stock_status":"outofstock","restock_status":false,"low_stock_amount":"","sales_update_date":"2026-04-24T00:11:19","calc_backorders":null,"acf":[],"yoast_head":"<!-- This site is optimized with the Yoast SEO plugin v27.4 - https:\/\/yoast.com\/product\/yoast-seo-wordpress\/ -->\n<title>My Father La Promesa Lancero (7.5&quot; x 38) - Dreaming Pipes<\/title>\n<meta name=\"description\" content=\"My Father La Promesa Lancero (7.5&quot; x 38) handmade cigar from Nicaragua with Ecuador wrapper, Nicaraguan filler, strength 4\/5, stick format, not box pressed.\" \/>\n<meta name=\"robots\" content=\"index, follow, max-snippet:-1, max-image-preview:large, max-video-preview:-1\" \/>\n<link rel=\"canonical\" href=\"https:\/\/dreamingpipes.com\/zh-hans\/product\/my-father-la-promesa-lancero-7-5-x-38\/\" \/>\n<meta property=\"og:locale\" content=\"zh_CN\" \/>\n<meta property=\"og:type\" content=\"article\" \/>\n<meta property=\"og:title\" content=\"My Father La Promesa Lancero (7.5&quot; x 38) - Dreaming Pipes\" \/>\n<meta property=\"og:description\" content=\"My Father La Promesa Lancero (7.5&quot; x 38) handmade cigar from Nicaragua with Ecuador wrapper, Nicaraguan filler, strength 4\/5, stick format, not box pressed.\" \/>\n<meta property=\"og:url\" content=\"https:\/\/dreamingpipes.com\/zh-hans\/product\/my-father-la-promesa-lancero-7-5-x-38\/\" \/>\n<meta property=\"og:site_name\" content=\"Dreaming Pipes\" \/>\n<meta property=\"article:modified_time\" content=\"2026-03-08T21:17:15+00:00\" \/>\n<meta property=\"og:image\" content=\"https:\/\/dreamingpipes.com\/wp-content\/uploads\/2026\/03\/1200x1200-88.png\" \/>\n\t<meta property=\"og:image:width\" content=\"1200\" \/>\n\t<meta property=\"og:image:height\" content=\"1200\" \/>\n\t<meta property=\"og:image:type\" content=\"image\/png\" \/>\n<meta name=\"twitter:card\" content=\"summary_large_image\" \/>\n<meta name=\"twitter:site\" content=\"@Dreaming_Pipes\" \/>\n<meta name=\"twitter:label1\" content=\"Availability\" \/>\n\t<meta name=\"twitter:data1\" content=\"Out of stock\" \/>\n<script type=\"application\/ld+json\" class=\"yoast-schema-graph\">{\"@context\":\"https:\\\/\\\/schema.org\",\"@graph\":[{\"@type\":\"WebPage\",\"@id\":\"https:\\\/\\\/dreamingpipes.com\\\/zh-hans\\\/product\\\/my-father-la-promesa-lancero-7-5-x-38\\\/\",\"url\":\"https:\\\/\\\/dreamingpipes.com\\\/zh-hans\\\/product\\\/my-father-la-promesa-lancero-7-5-x-38\\\/\",\"name\":\"My Father La Promesa Lancero (7.5\\\" x 38) - Dreaming Pipes\",\"isPartOf\":{\"@id\":\"https:\\\/\\\/dreamingpipes.com\\\/zh-hans\\\/#website\"},\"primaryImageOfPage\":{\"@id\":\"https:\\\/\\\/dreamingpipes.com\\\/zh-hans\\\/product\\\/my-father-la-promesa-lancero-7-5-x-38\\\/#primaryimage\"},\"image\":{\"@id\":\"https:\\\/\\\/dreamingpipes.com\\\/zh-hans\\\/product\\\/my-father-la-promesa-lancero-7-5-x-38\\\/#primaryimage\"},\"thumbnailUrl\":\"https:\\\/\\\/dreamingpipes.com\\\/wp-content\\\/uploads\\\/2026\\\/03\\\/1200x1200-88.png\",\"datePublished\":\"2026-03-08T07:58:04+00:00\",\"dateModified\":\"2026-03-08T21:17:15+00:00\",\"description\":\"My Father La Promesa Lancero (7.5\\\" x 38) handmade cigar from Nicaragua with Ecuador wrapper, Nicaraguan filler, strength 4\\\/5, stick format, not box pressed.\",\"breadcrumb\":{\"@id\":\"https:\\\/\\\/dreamingpipes.com\\\/zh-hans\\\/product\\\/my-father-la-promesa-lancero-7-5-x-38\\\/#breadcrumb\"},\"inLanguage\":\"zh-Hans\",\"potentialAction\":[{\"@type\":\"ReadAction\",\"target\":[\"https:\\\/\\\/dreamingpipes.com\\\/zh-hans\\\/product\\\/my-father-la-promesa-lancero-7-5-x-38\\\/\"]}]},{\"@type\":\"ImageObject\",\"inLanguage\":\"zh-Hans\",\"@id\":\"https:\\\/\\\/dreamingpipes.com\\\/zh-hans\\\/product\\\/my-father-la-promesa-lancero-7-5-x-38\\\/#primaryimage\",\"url\":\"https:\\\/\\\/dreamingpipes.com\\\/wp-content\\\/uploads\\\/2026\\\/03\\\/1200x1200-88.png\",\"contentUrl\":\"https:\\\/\\\/dreamingpipes.com\\\/wp-content\\\/uploads\\\/2026\\\/03\\\/1200x1200-88.png\",\"width\":1200,\"height\":1200},{\"@type\":\"BreadcrumbList\",\"@id\":\"https:\\\/\\\/dreamingpipes.com\\\/zh-hans\\\/product\\\/my-father-la-promesa-lancero-7-5-x-38\\\/#breadcrumb\",\"itemListElement\":[{\"@type\":\"ListItem\",\"position\":1,\"name\":\"Home\",\"item\":\"https:\\\/\\\/dreamingpipes.com\\\/zh-hans\\\/home-new\\\/\"},{\"@type\":\"ListItem\",\"position\":2,\"name\":\"Shop\",\"item\":\"https:\\\/\\\/dreamingpipes.com\\\/shop\\\/\"},{\"@type\":\"ListItem\",\"position\":3,\"name\":\"My Father La Promesa Lancero (7.5&#8243; x 38)\"}]},{\"@type\":\"WebSite\",\"@id\":\"https:\\\/\\\/dreamingpipes.com\\\/zh-hans\\\/#website\",\"url\":\"https:\\\/\\\/dreamingpipes.com\\\/zh-hans\\\/\",\"name\":\"Dreaming Pipes\",\"description\":\"Live the moments that matter\",\"publisher\":{\"@id\":\"https:\\\/\\\/dreamingpipes.com\\\/zh-hans\\\/#organization\"},\"potentialAction\":[{\"@type\":\"SearchAction\",\"target\":{\"@type\":\"EntryPoint\",\"urlTemplate\":\"https:\\\/\\\/dreamingpipes.com\\\/zh-hans\\\/?s={search_term_string}\"},\"query-input\":{\"@type\":\"PropertyValueSpecification\",\"valueRequired\":true,\"valueName\":\"search_term_string\"}}],\"inLanguage\":\"zh-Hans\"},{\"@type\":\"Organization\",\"@id\":\"https:\\\/\\\/dreamingpipes.com\\\/zh-hans\\\/#organization\",\"name\":\"Dreaming Pipes\",\"url\":\"https:\\\/\\\/dreamingpipes.com\\\/zh-hans\\\/\",\"logo\":{\"@type\":\"ImageObject\",\"inLanguage\":\"zh-Hans\",\"@id\":\"https:\\\/\\\/dreamingpipes.com\\\/zh-hans\\\/#\\\/schema\\\/logo\\\/image\\\/\",\"url\":\"https:\\\/\\\/dreamingpipes.com\\\/wp-content\\\/uploads\\\/2022\\\/11\\\/DREAMING_PIPES-01-Site-Icon.jpg\",\"contentUrl\":\"https:\\\/\\\/dreamingpipes.com\\\/wp-content\\\/uploads\\\/2022\\\/11\\\/DREAMING_PIPES-01-Site-Icon.jpg\",\"width\":2248,\"height\":2247,\"caption\":\"Dreaming Pipes\"},\"image\":{\"@id\":\"https:\\\/\\\/dreamingpipes.com\\\/zh-hans\\\/#\\\/schema\\\/logo\\\/image\\\/\"},\"sameAs\":[\"https:\\\/\\\/x.com\\\/Dreaming_Pipes\"]}]}<\/script>\n<meta property=\"og:availability\" content=\"out of stock\" \/>\n<meta property=\"product:availability\" content=\"out of stock\" \/>\n<meta property=\"product:condition\" content=\"new\" \/>\n<!-- \/ Yoast SEO plugin. -->","yoast_head_json":{"title":"My Father La Promesa Lancero (7.5\" x 38) - Dreaming Pipes","description":"My Father La Promesa Lancero (7.5\" x 38) handmade cigar from Nicaragua with Ecuador wrapper, Nicaraguan filler, strength 4\/5, stick format, not box pressed.","robots":{"index":"index","follow":"follow","max-snippet":"max-snippet:-1","max-image-preview":"max-image-preview:large","max-video-preview":"max-video-preview:-1"},"canonical":"https:\/\/dreamingpipes.com\/zh-hans\/product\/my-father-la-promesa-lancero-7-5-x-38\/","og_locale":"zh_CN","og_type":"article","og_title":"My Father La Promesa Lancero (7.5\" x 38) - Dreaming Pipes","og_description":"My Father La Promesa Lancero (7.5\" x 38) handmade cigar from Nicaragua with Ecuador wrapper, Nicaraguan filler, strength 4\/5, stick format, not box pressed.","og_url":"https:\/\/dreamingpipes.com\/zh-hans\/product\/my-father-la-promesa-lancero-7-5-x-38\/","og_site_name":"Dreaming Pipes","article_modified_time":"2026-03-08T21:17:15+00:00","og_image":[{"width":1200,"height":1200,"url":"https:\/\/dreamingpipes.com\/wp-content\/uploads\/2026\/03\/1200x1200-88.png","type":"image\/png"}],"twitter_card":"summary_large_image","twitter_site":"@Dreaming_Pipes","twitter_misc":{"Availability":"Out of stock"},"schema":{"@context":"https:\/\/schema.org","@graph":[{"@type":"WebPage","@id":"https:\/\/dreamingpipes.com\/zh-hans\/product\/my-father-la-promesa-lancero-7-5-x-38\/","url":"https:\/\/dreamingpipes.com\/zh-hans\/product\/my-father-la-promesa-lancero-7-5-x-38\/","name":"My Father La Promesa Lancero (7.5\" x 38) - Dreaming Pipes","isPartOf":{"@id":"https:\/\/dreamingpipes.com\/zh-hans\/#website"},"primaryImageOfPage":{"@id":"https:\/\/dreamingpipes.com\/zh-hans\/product\/my-father-la-promesa-lancero-7-5-x-38\/#primaryimage"},"image":{"@id":"https:\/\/dreamingpipes.com\/zh-hans\/product\/my-father-la-promesa-lancero-7-5-x-38\/#primaryimage"},"thumbnailUrl":"https:\/\/dreamingpipes.com\/wp-content\/uploads\/2026\/03\/1200x1200-88.png","datePublished":"2026-03-08T07:58:04+00:00","dateModified":"2026-03-08T21:17:15+00:00","description":"My Father La Promesa Lancero (7.5\" x 38) handmade cigar from Nicaragua with Ecuador wrapper, Nicaraguan filler, strength 4\/5, stick format, not box pressed.","breadcrumb":{"@id":"https:\/\/dreamingpipes.com\/zh-hans\/product\/my-father-la-promesa-lancero-7-5-x-38\/#breadcrumb"},"inLanguage":"zh-Hans","potentialAction":[{"@type":"ReadAction","target":["https:\/\/dreamingpipes.com\/zh-hans\/product\/my-father-la-promesa-lancero-7-5-x-38\/"]}]},{"@type":"ImageObject","inLanguage":"zh-Hans","@id":"https:\/\/dreamingpipes.com\/zh-hans\/product\/my-father-la-promesa-lancero-7-5-x-38\/#primaryimage","url":"https:\/\/dreamingpipes.com\/wp-content\/uploads\/2026\/03\/1200x1200-88.png","contentUrl":"https:\/\/dreamingpipes.com\/wp-content\/uploads\/2026\/03\/1200x1200-88.png","width":1200,"height":1200},{"@type":"BreadcrumbList","@id":"https:\/\/dreamingpipes.com\/zh-hans\/product\/my-father-la-promesa-lancero-7-5-x-38\/#breadcrumb","itemListElement":[{"@type":"ListItem","position":1,"name":"Home","item":"https:\/\/dreamingpipes.com\/zh-hans\/home-new\/"},{"@type":"ListItem","position":2,"name":"Shop","item":"https:\/\/dreamingpipes.com\/shop\/"},{"@type":"ListItem","position":3,"name":"My Father La Promesa Lancero (7.5&#8243; x 38)"}]},{"@type":"WebSite","@id":"https:\/\/dreamingpipes.com\/zh-hans\/#website","url":"https:\/\/dreamingpipes.com\/zh-hans\/","name":"Dreaming Pipes","description":"Live the moments that matter","publisher":{"@id":"https:\/\/dreamingpipes.com\/zh-hans\/#organization"},"potentialAction":[{"@type":"SearchAction","target":{"@type":"EntryPoint","urlTemplate":"https:\/\/dreamingpipes.com\/zh-hans\/?s={search_term_string}"},"query-input":{"@type":"PropertyValueSpecification","valueRequired":true,"valueName":"search_term_string"}}],"inLanguage":"zh-Hans"},{"@type":"Organization","@id":"https:\/\/dreamingpipes.com\/zh-hans\/#organization","name":"Dreaming Pipes","url":"https:\/\/dreamingpipes.com\/zh-hans\/","logo":{"@type":"ImageObject","inLanguage":"zh-Hans","@id":"https:\/\/dreamingpipes.com\/zh-hans\/#\/schema\/logo\/image\/","url":"https:\/\/dreamingpipes.com\/wp-content\/uploads\/2022\/11\/DREAMING_PIPES-01-Site-Icon.jpg","contentUrl":"https:\/\/dreamingpipes.com\/wp-content\/uploads\/2022\/11\/DREAMING_PIPES-01-Site-Icon.jpg","width":2248,"height":2247,"caption":"Dreaming Pipes"},"image":{"@id":"https:\/\/dreamingpipes.com\/zh-hans\/#\/schema\/logo\/image\/"},"sameAs":["https:\/\/x.com\/Dreaming_Pipes"]}]},"og_availability":"out of stock","product_availability":"out of stock","product_condition":"new"},"_links":{"self":[{"href":"https:\/\/dreamingpipes.com\/zh-hans\/wp-json\/wp\/v2\/product\/190980","targetHints":{"allow":["GET"]}}],"collection":[{"href":"https:\/\/dreamingpipes.com\/zh-hans\/wp-json\/wp\/v2\/product"}],"about":[{"href":"https:\/\/dreamingpipes.com\/zh-hans\/wp-json\/wp\/v2\/types\/product"}],"version-history":[{"count":1,"href":"https:\/\/dreamingpipes.com\/zh-hans\/wp-json\/wp\/v2\/product\/190980\/revisions"}],"predecessor-version":[{"id":190988,"href":"https:\/\/dreamingpipes.com\/zh-hans\/wp-json\/wp\/v2\/product\/190980\/revisions\/190988"}],"wp:featuredmedia":[{"embeddable":true,"href":"https:\/\/dreamingpipes.com\/zh-hans\/wp-json\/wp\/v2\/media\/190984"}],"wp:attachment":[{"href":"https:\/\/dreamingpipes.com\/zh-hans\/wp-json\/wp\/v2\/media?parent=190980"}],"wp:term":[{"taxonomy":"product_brand","embeddable":true,"href":"https:\/\/dreamingpipes.com\/zh-hans\/wp-json\/wp\/v2\/product_brand?post=190980"},{"taxonomy":"product_cat","embeddable":true,"href":"https:\/\/dreamingpipes.com\/zh-hans\/wp-json\/wp\/v2\/product_cat?post=190980"},{"taxonomy":"product_tag","embeddable":true,"href":"https:\/\/dreamingpipes.com\/zh-hans\/wp-json\/wp\/v2\/product_tag?post=190980"}],"curies":[{"name":"wp","href":"https:\/\/api.w.org\/{rel}","templated":true}]}}