{"id":195443,"date":"2026-04-23T15:57:46","date_gmt":"2026-04-23T19:57:46","guid":{"rendered":"https:\/\/dreamingpipes.com\/?post_type=product&#038;p=195443"},"modified":"2026-04-25T20:02:49","modified_gmt":"2026-04-26T00:02:49","slug":"s-t-dupont-ligne-2-lacquered-lighter-padron-gold","status":"publish","type":"product","link":"https:\/\/dreamingpipes.com\/zh-hans\/product\/s-t-dupont-ligne-2-lacquered-lighter-padron-gold\/","title":{"rendered":"S.T. DUPONT Ligne 2 Lacquered Lighter Padron Gold"},"content":{"rendered":"<div class=\"multicolumn-card content-container\">\n<div class=\"multicolumn-card__info\">\n<div class=\"title-wrapper-with-link title-wrapper--self-padded-mobile title-wrapper--no-top-margin\">\n<h2 class=\"title inline-richtext h1\">CRAFT IS A COMMITMENT<\/h2>\n<p>&nbsp;<\/p>\n<\/div>\n<div class=\"rte\">\n<p><img decoding=\"async\" src=\"https:\/\/us.st-dupont.com\/cdn\/shop\/files\/AGP_2118-WEB-HD_9a6ca6da-014f-4638-9e91-b5b301899967.jpg?v=1757513378&amp;width=3200\" \/><\/p>\n<h3 class=\"inline-richtext\">TECHNICAL EXCELLENCE<\/h3>\n<div class=\"rte\">\n<p>Each creation is the result of decades of expertise and refinement. Combining brass craftsmanship with a distinctive gold finish, every detail embodies the technical precision and heritage of our Maison.<\/p>\n<p>&nbsp;<\/p>\n<p><img decoding=\"async\" src=\"https:\/\/us.st-dupont.com\/cdn\/shop\/files\/AGP_1150-WEB-HD.jpg?v=1757513379&amp;width=3200\" \/><\/p>\n<\/div>\n<\/div>\n<h3 class=\"inline-richtext\">UNCOMPROMISING QUALITY<\/h3>\n<div class=\"rte\">\n<p>The blending of premium brass and elegant gold tone speaks to a legacy of uncompromising quality and enduring values. Each piece is an embodiment of our heritage, crafted as a timeless object that reflects our brand story, ethics, and unwavering pursuit of excellence.<\/p>\n<\/div>\n<\/div>\n<\/div>\n","protected":false},"excerpt":{"rendered":"<p>Mixte <img decoding=\"async\" class=\"alignnone wp-image-195084\" src=\"https:\/\/dreamingpipes.com\/wp-content\/uploads\/2026\/04\/flame_double-411x512.webp\" alt=\"\" width=\"21\" height=\"26\" srcset=\"https:\/\/dreamingpipes.com\/wp-content\/uploads\/2026\/04\/flame_double-411x512.webp 411w, https:\/\/dreamingpipes.com\/wp-content\/uploads\/2026\/04\/flame_double-822x1024.webp 822w, https:\/\/dreamingpipes.com\/wp-content\/uploads\/2026\/04\/flame_double-768x956.webp 768w, https:\/\/dreamingpipes.com\/wp-content\/uploads\/2026\/04\/flame_double-1234x1536.webp 1234w, https:\/\/dreamingpipes.com\/wp-content\/uploads\/2026\/04\/flame_double-1645x2048.webp 1645w, https:\/\/dreamingpipes.com\/wp-content\/uploads\/2026\/04\/flame_double-600x747.webp 600w, https:\/\/dreamingpipes.com\/wp-content\/uploads\/2026\/04\/flame_double.webp 2000w\" sizes=\"(max-width: 21px) 100vw, 21px\" \/><\/p>\n<p>On the occasion of the 60th anniversary of the Padron house, S.T. Dupont announces a special collaboration. The S.T. Dupont x Padron collection offers distinctive lighters and cigar accessories. Its yellow gold finishes embody the Padron cigar band, and its brown engraved brass plates refers to the color and texture of their wrapper leaf, the tobacco leaf that wraps a cigar blend.<\/p>\n<p>The Padr\u00f3n Haute Creation Line 2 features the iconic colors and logo of the infamous cigar brand along with engravings of the little hammer, &#8220;J.O.P.&#8221; (Jose Orlando Padr\u00f3n) initials, the year of Padr\u00f3n&#8217;s creation, as well as the silhouette of Cuba &#8211; all emblematic symbols of Padr\u00f3n&#8217;s history.<\/p>\n<p>The Haute Creation Line 2 Cling lighter with engraved brown plates and gold finishes. Features a dual yellow flame and the famous &#8216;Cling&#8217; sound upon opening. Limited to 88 pieces.<\/p>\n<p>The lighter is delivered empty of gas; refill sold separately. Screwdriver included for changing the flint.<\/p>\n<p>Associated flint : red (REF 000650)<br \/>\nAssociated gas refill : red (REF 435)<\/p>\n","protected":false},"featured_media":195447,"template":"","meta":{"_acf_changed":false,"site-sidebar-layout":"default","site-content-layout":"default","ast-site-content-layout":"default","site-content-style":"default","site-sidebar-style":"default","ast-global-header-display":"","ast-banner-title-visibility":"","ast-main-header-display":"","ast-hfb-above-header-display":"","ast-hfb-below-header-display":"","ast-hfb-mobile-header-display":"","site-post-title":"","ast-breadcrumbs-content":"","ast-featured-img":"","footer-sml-layout":"","ast-disable-related-posts":"","theme-transparent-header-meta":"default","adv-header-id-meta":"","stick-header-meta":"default","header-above-stick-meta":"","header-main-stick-meta":"","header-below-stick-meta":"","astra-migrate-meta-layouts":"set","ast-page-background-enabled":"default","ast-page-background-meta":{"desktop":{"background-color":"var(--ast-global-color-4)","background-image":"","background-repeat":"repeat","background-position":"center center","background-size":"auto","background-attachment":"scroll","background-type":"","background-media":"","overlay-type":"","overlay-color":"","overlay-opacity":"","overlay-gradient":""},"tablet":{"background-color":"","background-image":"","background-repeat":"repeat","background-position":"center center","background-size":"auto","background-attachment":"scroll","background-type":"","background-media":"","overlay-type":"","overlay-color":"","overlay-opacity":"","overlay-gradient":""},"mobile":{"background-color":"","background-image":"","background-repeat":"repeat","background-position":"center center","background-size":"auto","background-attachment":"scroll","background-type":"","background-media":"","overlay-type":"","overlay-color":"","overlay-opacity":"","overlay-gradient":""}},"ast-content-background-meta":{"desktop":{"background-color":"var(--ast-global-color-5)","background-image":"","background-repeat":"repeat","background-position":"center center","background-size":"auto","background-attachment":"scroll","background-type":"","background-media":"","overlay-type":"","overlay-color":"","overlay-opacity":"","overlay-gradient":""},"tablet":{"background-color":"var(--ast-global-color-5)","background-image":"","background-repeat":"repeat","background-position":"center center","background-size":"auto","background-attachment":"scroll","background-type":"","background-media":"","overlay-type":"","overlay-color":"","overlay-opacity":"","overlay-gradient":""},"mobile":{"background-color":"var(--ast-global-color-5)","background-image":"","background-repeat":"repeat","background-position":"center center","background-size":"auto","background-attachment":"scroll","background-type":"","background-media":"","overlay-type":"","overlay-color":"","overlay-opacity":"","overlay-gradient":""}}},"product_brand":[],"product_cat":[48,706,1583,1582],"product_tag":[],"class_list":{"0":"post-195443","1":"product","2":"type-product","3":"status-publish","4":"has-post-thumbnail","6":"product_cat-accessories","7":"product_cat-lighters","8":"product_cat-line-2","9":"product_cat-s-t-dupont","10":"desktop-align-left","11":"tablet-align-left","12":"mobile-align-left","13":"ast-product-gallery-layout-horizontal-slider","14":"ast-product-tabs-layout-horizontal","16":"first","17":"onbackorder","18":"taxable","19":"shipping-taxable","20":"purchasable","21":"product-type-simple"},"supplier_id":160732,"supplier_sku":"","barcode":null,"atum_controlled":true,"out_stock_date":"2026-04-23 15:57:46","out_stock_threshold":null,"inheritable":false,"inbound_stock":0,"stock_on_hold":0,"sold_today":0,"sales_last_days":0,"reserved_stock":0,"customer_returns":0,"warehouse_damage":0,"lost_in_post":0,"other_logs":0,"out_stock_days":13,"lost_sales":0,"has_location":false,"update_date":"2026-05-07T00:20:07","atum_locations":[],"atum_stock_status":"onbackorder","restock_status":false,"low_stock_amount":"","sales_update_date":"2026-05-07T00:20:07","calc_backorders":0,"acf":[],"yoast_head":"<!-- This site is optimized with the Yoast SEO plugin v27.5 - https:\/\/yoast.com\/product\/yoast-seo-wordpress\/ -->\n<title>S.T. DUPONT Ligne 2 Lacquered Lighter Padron Gold - Dreaming Pipes<\/title>\n<meta name=\"description\" content=\"S.T. DUPONT Ligne 2 Lacquered Lighter Padron Gold with engraved brown plates, gold finishes, dual yellow flame and Cling opening sound.\" \/>\n<meta name=\"robots\" content=\"index, follow, max-snippet:-1, max-image-preview:large, max-video-preview:-1\" \/>\n<link rel=\"canonical\" href=\"https:\/\/dreamingpipes.com\/zh-hans\/product\/s-t-dupont-ligne-2-lacquered-lighter-padron-gold\/\" \/>\n<meta property=\"og:locale\" content=\"zh_CN\" \/>\n<meta property=\"og:type\" content=\"article\" \/>\n<meta property=\"og:title\" content=\"S.T. DUPONT Ligne 2 Lacquered Lighter Padron Gold - Dreaming Pipes\" \/>\n<meta property=\"og:description\" content=\"S.T. DUPONT Ligne 2 Lacquered Lighter Padron Gold with engraved brown plates, gold finishes, dual yellow flame and Cling opening sound.\" \/>\n<meta property=\"og:url\" content=\"https:\/\/dreamingpipes.com\/zh-hans\/product\/s-t-dupont-ligne-2-lacquered-lighter-padron-gold\/\" \/>\n<meta property=\"og:site_name\" content=\"Dreaming Pipes\" \/>\n<meta property=\"article:modified_time\" content=\"2026-04-26T00:02:49+00:00\" \/>\n<meta property=\"og:image\" content=\"https:\/\/dreamingpipes.com\/wp-content\/uploads\/2026\/04\/c16014hc_1-1024x1024.png\" \/>\n\t<meta property=\"og:image:width\" content=\"1024\" \/>\n\t<meta property=\"og:image:height\" content=\"1024\" \/>\n\t<meta property=\"og:image:type\" content=\"image\/png\" \/>\n<meta name=\"twitter:card\" content=\"summary_large_image\" \/>\n<meta name=\"twitter:site\" content=\"@Dreaming_Pipes\" \/>\n<meta name=\"twitter:label1\" content=\"Price\" \/>\n\t<meta name=\"twitter:data1\" content=\"&#036;4,495.00\" \/>\n\t<meta name=\"twitter:label2\" content=\"Availability\" \/>\n\t<meta name=\"twitter:data2\" content=\"On backorder\" \/>\n<script type=\"application\/ld+json\" class=\"yoast-schema-graph\">{\"@context\":\"https:\\\/\\\/schema.org\",\"@graph\":[{\"@type\":\"WebPage\",\"@id\":\"https:\\\/\\\/dreamingpipes.com\\\/zh-hans\\\/product\\\/s-t-dupont-ligne-2-lacquered-lighter-padron-gold\\\/\",\"url\":\"https:\\\/\\\/dreamingpipes.com\\\/zh-hans\\\/product\\\/s-t-dupont-ligne-2-lacquered-lighter-padron-gold\\\/\",\"name\":\"S.T. DUPONT Ligne 2 Lacquered Lighter Padron Gold - Dreaming Pipes\",\"isPartOf\":{\"@id\":\"https:\\\/\\\/dreamingpipes.com\\\/zh-hans\\\/#website\"},\"primaryImageOfPage\":{\"@id\":\"https:\\\/\\\/dreamingpipes.com\\\/zh-hans\\\/product\\\/s-t-dupont-ligne-2-lacquered-lighter-padron-gold\\\/#primaryimage\"},\"image\":{\"@id\":\"https:\\\/\\\/dreamingpipes.com\\\/zh-hans\\\/product\\\/s-t-dupont-ligne-2-lacquered-lighter-padron-gold\\\/#primaryimage\"},\"thumbnailUrl\":\"https:\\\/\\\/dreamingpipes.com\\\/wp-content\\\/uploads\\\/2026\\\/04\\\/c16014hc_1.png\",\"datePublished\":\"2026-04-23T19:57:46+00:00\",\"dateModified\":\"2026-04-26T00:02:49+00:00\",\"description\":\"S.T. DUPONT Ligne 2 Lacquered Lighter Padron Gold with engraved brown plates, gold finishes, dual yellow flame and Cling opening sound.\",\"breadcrumb\":{\"@id\":\"https:\\\/\\\/dreamingpipes.com\\\/zh-hans\\\/product\\\/s-t-dupont-ligne-2-lacquered-lighter-padron-gold\\\/#breadcrumb\"},\"inLanguage\":\"zh-Hans\",\"potentialAction\":[{\"@type\":\"ReadAction\",\"target\":[\"https:\\\/\\\/dreamingpipes.com\\\/zh-hans\\\/product\\\/s-t-dupont-ligne-2-lacquered-lighter-padron-gold\\\/\"]}]},{\"@type\":\"ImageObject\",\"inLanguage\":\"zh-Hans\",\"@id\":\"https:\\\/\\\/dreamingpipes.com\\\/zh-hans\\\/product\\\/s-t-dupont-ligne-2-lacquered-lighter-padron-gold\\\/#primaryimage\",\"url\":\"https:\\\/\\\/dreamingpipes.com\\\/wp-content\\\/uploads\\\/2026\\\/04\\\/c16014hc_1.png\",\"contentUrl\":\"https:\\\/\\\/dreamingpipes.com\\\/wp-content\\\/uploads\\\/2026\\\/04\\\/c16014hc_1.png\",\"width\":2048,\"height\":2048},{\"@type\":\"BreadcrumbList\",\"@id\":\"https:\\\/\\\/dreamingpipes.com\\\/zh-hans\\\/product\\\/s-t-dupont-ligne-2-lacquered-lighter-padron-gold\\\/#breadcrumb\",\"itemListElement\":[{\"@type\":\"ListItem\",\"position\":1,\"name\":\"Home\",\"item\":\"https:\\\/\\\/dreamingpipes.com\\\/zh-hans\\\/home-new\\\/\"},{\"@type\":\"ListItem\",\"position\":2,\"name\":\"Shop\",\"item\":\"https:\\\/\\\/dreamingpipes.com\\\/shop\\\/\"},{\"@type\":\"ListItem\",\"position\":3,\"name\":\"S.T. DUPONT Ligne 2 Lacquered Lighter Padron Gold\"}]},{\"@type\":\"WebSite\",\"@id\":\"https:\\\/\\\/dreamingpipes.com\\\/zh-hans\\\/#website\",\"url\":\"https:\\\/\\\/dreamingpipes.com\\\/zh-hans\\\/\",\"name\":\"Dreaming Pipes\",\"description\":\"Live the moments that matter\",\"publisher\":{\"@id\":\"https:\\\/\\\/dreamingpipes.com\\\/zh-hans\\\/#organization\"},\"potentialAction\":[{\"@type\":\"SearchAction\",\"target\":{\"@type\":\"EntryPoint\",\"urlTemplate\":\"https:\\\/\\\/dreamingpipes.com\\\/zh-hans\\\/?s={search_term_string}\"},\"query-input\":{\"@type\":\"PropertyValueSpecification\",\"valueRequired\":true,\"valueName\":\"search_term_string\"}}],\"inLanguage\":\"zh-Hans\"},{\"@type\":\"Organization\",\"@id\":\"https:\\\/\\\/dreamingpipes.com\\\/zh-hans\\\/#organization\",\"name\":\"Dreaming Pipes\",\"url\":\"https:\\\/\\\/dreamingpipes.com\\\/zh-hans\\\/\",\"logo\":{\"@type\":\"ImageObject\",\"inLanguage\":\"zh-Hans\",\"@id\":\"https:\\\/\\\/dreamingpipes.com\\\/zh-hans\\\/#\\\/schema\\\/logo\\\/image\\\/\",\"url\":\"https:\\\/\\\/dreamingpipes.com\\\/wp-content\\\/uploads\\\/2022\\\/11\\\/DREAMING_PIPES-01-Site-Icon.jpg\",\"contentUrl\":\"https:\\\/\\\/dreamingpipes.com\\\/wp-content\\\/uploads\\\/2022\\\/11\\\/DREAMING_PIPES-01-Site-Icon.jpg\",\"width\":2248,\"height\":2247,\"caption\":\"Dreaming Pipes\"},\"image\":{\"@id\":\"https:\\\/\\\/dreamingpipes.com\\\/zh-hans\\\/#\\\/schema\\\/logo\\\/image\\\/\"},\"sameAs\":[\"https:\\\/\\\/x.com\\\/Dreaming_Pipes\"]}]}<\/script>\n<meta property=\"product:price:amount\" content=\"4495.00\" \/>\n<meta property=\"product:price:currency\" content=\"USD\" \/>\n<meta property=\"og:availability\" content=\"backorder\" \/>\n<meta property=\"product:availability\" content=\"available for order\" \/>\n<meta property=\"product:retailer_item_id\" content=\"C16014HC\" \/>\n<meta property=\"product:condition\" content=\"new\" \/>\n<!-- \/ Yoast SEO plugin. -->","yoast_head_json":{"title":"S.T. DUPONT Ligne 2 Lacquered Lighter Padron Gold - Dreaming Pipes","description":"S.T. DUPONT Ligne 2 Lacquered Lighter Padron Gold with engraved brown plates, gold finishes, dual yellow flame and Cling opening sound.","robots":{"index":"index","follow":"follow","max-snippet":"max-snippet:-1","max-image-preview":"max-image-preview:large","max-video-preview":"max-video-preview:-1"},"canonical":"https:\/\/dreamingpipes.com\/zh-hans\/product\/s-t-dupont-ligne-2-lacquered-lighter-padron-gold\/","og_locale":"zh_CN","og_type":"article","og_title":"S.T. DUPONT Ligne 2 Lacquered Lighter Padron Gold - Dreaming Pipes","og_description":"S.T. DUPONT Ligne 2 Lacquered Lighter Padron Gold with engraved brown plates, gold finishes, dual yellow flame and Cling opening sound.","og_url":"https:\/\/dreamingpipes.com\/zh-hans\/product\/s-t-dupont-ligne-2-lacquered-lighter-padron-gold\/","og_site_name":"Dreaming Pipes","article_modified_time":"2026-04-26T00:02:49+00:00","og_image":[{"width":1024,"height":1024,"url":"https:\/\/dreamingpipes.com\/wp-content\/uploads\/2026\/04\/c16014hc_1-1024x1024.png","type":"image\/png"}],"twitter_card":"summary_large_image","twitter_site":"@Dreaming_Pipes","twitter_misc":{"Price":"&#36;4,495.00","Availability":"On backorder"},"schema":{"@context":"https:\/\/schema.org","@graph":[{"@type":"WebPage","@id":"https:\/\/dreamingpipes.com\/zh-hans\/product\/s-t-dupont-ligne-2-lacquered-lighter-padron-gold\/","url":"https:\/\/dreamingpipes.com\/zh-hans\/product\/s-t-dupont-ligne-2-lacquered-lighter-padron-gold\/","name":"S.T. DUPONT Ligne 2 Lacquered Lighter Padron Gold - Dreaming Pipes","isPartOf":{"@id":"https:\/\/dreamingpipes.com\/zh-hans\/#website"},"primaryImageOfPage":{"@id":"https:\/\/dreamingpipes.com\/zh-hans\/product\/s-t-dupont-ligne-2-lacquered-lighter-padron-gold\/#primaryimage"},"image":{"@id":"https:\/\/dreamingpipes.com\/zh-hans\/product\/s-t-dupont-ligne-2-lacquered-lighter-padron-gold\/#primaryimage"},"thumbnailUrl":"https:\/\/dreamingpipes.com\/wp-content\/uploads\/2026\/04\/c16014hc_1.png","datePublished":"2026-04-23T19:57:46+00:00","dateModified":"2026-04-26T00:02:49+00:00","description":"S.T. DUPONT Ligne 2 Lacquered Lighter Padron Gold with engraved brown plates, gold finishes, dual yellow flame and Cling opening sound.","breadcrumb":{"@id":"https:\/\/dreamingpipes.com\/zh-hans\/product\/s-t-dupont-ligne-2-lacquered-lighter-padron-gold\/#breadcrumb"},"inLanguage":"zh-Hans","potentialAction":[{"@type":"ReadAction","target":["https:\/\/dreamingpipes.com\/zh-hans\/product\/s-t-dupont-ligne-2-lacquered-lighter-padron-gold\/"]}]},{"@type":"ImageObject","inLanguage":"zh-Hans","@id":"https:\/\/dreamingpipes.com\/zh-hans\/product\/s-t-dupont-ligne-2-lacquered-lighter-padron-gold\/#primaryimage","url":"https:\/\/dreamingpipes.com\/wp-content\/uploads\/2026\/04\/c16014hc_1.png","contentUrl":"https:\/\/dreamingpipes.com\/wp-content\/uploads\/2026\/04\/c16014hc_1.png","width":2048,"height":2048},{"@type":"BreadcrumbList","@id":"https:\/\/dreamingpipes.com\/zh-hans\/product\/s-t-dupont-ligne-2-lacquered-lighter-padron-gold\/#breadcrumb","itemListElement":[{"@type":"ListItem","position":1,"name":"Home","item":"https:\/\/dreamingpipes.com\/zh-hans\/home-new\/"},{"@type":"ListItem","position":2,"name":"Shop","item":"https:\/\/dreamingpipes.com\/shop\/"},{"@type":"ListItem","position":3,"name":"S.T. DUPONT Ligne 2 Lacquered Lighter Padron Gold"}]},{"@type":"WebSite","@id":"https:\/\/dreamingpipes.com\/zh-hans\/#website","url":"https:\/\/dreamingpipes.com\/zh-hans\/","name":"Dreaming Pipes","description":"Live the moments that matter","publisher":{"@id":"https:\/\/dreamingpipes.com\/zh-hans\/#organization"},"potentialAction":[{"@type":"SearchAction","target":{"@type":"EntryPoint","urlTemplate":"https:\/\/dreamingpipes.com\/zh-hans\/?s={search_term_string}"},"query-input":{"@type":"PropertyValueSpecification","valueRequired":true,"valueName":"search_term_string"}}],"inLanguage":"zh-Hans"},{"@type":"Organization","@id":"https:\/\/dreamingpipes.com\/zh-hans\/#organization","name":"Dreaming Pipes","url":"https:\/\/dreamingpipes.com\/zh-hans\/","logo":{"@type":"ImageObject","inLanguage":"zh-Hans","@id":"https:\/\/dreamingpipes.com\/zh-hans\/#\/schema\/logo\/image\/","url":"https:\/\/dreamingpipes.com\/wp-content\/uploads\/2022\/11\/DREAMING_PIPES-01-Site-Icon.jpg","contentUrl":"https:\/\/dreamingpipes.com\/wp-content\/uploads\/2022\/11\/DREAMING_PIPES-01-Site-Icon.jpg","width":2248,"height":2247,"caption":"Dreaming Pipes"},"image":{"@id":"https:\/\/dreamingpipes.com\/zh-hans\/#\/schema\/logo\/image\/"},"sameAs":["https:\/\/x.com\/Dreaming_Pipes"]}]},"product_price_amount":"4495.00","product_price_currency":"USD","og_availability":"backorder","product_availability":"available for order","product_retailer_item_id":"C16014HC","product_condition":"new"},"_links":{"self":[{"href":"https:\/\/dreamingpipes.com\/zh-hans\/wp-json\/wp\/v2\/product\/195443","targetHints":{"allow":["GET"]}}],"collection":[{"href":"https:\/\/dreamingpipes.com\/zh-hans\/wp-json\/wp\/v2\/product"}],"about":[{"href":"https:\/\/dreamingpipes.com\/zh-hans\/wp-json\/wp\/v2\/types\/product"}],"version-history":[{"count":4,"href":"https:\/\/dreamingpipes.com\/zh-hans\/wp-json\/wp\/v2\/product\/195443\/revisions"}],"predecessor-version":[{"id":195581,"href":"https:\/\/dreamingpipes.com\/zh-hans\/wp-json\/wp\/v2\/product\/195443\/revisions\/195581"}],"wp:featuredmedia":[{"embeddable":true,"href":"https:\/\/dreamingpipes.com\/zh-hans\/wp-json\/wp\/v2\/media\/195447"}],"wp:attachment":[{"href":"https:\/\/dreamingpipes.com\/zh-hans\/wp-json\/wp\/v2\/media?parent=195443"}],"wp:term":[{"taxonomy":"product_brand","embeddable":true,"href":"https:\/\/dreamingpipes.com\/zh-hans\/wp-json\/wp\/v2\/product_brand?post=195443"},{"taxonomy":"product_cat","embeddable":true,"href":"https:\/\/dreamingpipes.com\/zh-hans\/wp-json\/wp\/v2\/product_cat?post=195443"},{"taxonomy":"product_tag","embeddable":true,"href":"https:\/\/dreamingpipes.com\/zh-hans\/wp-json\/wp\/v2\/product_tag?post=195443"}],"curies":[{"name":"wp","href":"https:\/\/api.w.org\/{rel}","templated":true}]}}